{"id":5558,"date":"2021-02-10T02:33:27","date_gmt":"2021-02-10T02:33:27","guid":{"rendered":"https:\/\/plotdisseny.com\/quienes-somos\/"},"modified":"2023-05-18T07:34:54","modified_gmt":"2023-05-18T07:34:54","slug":"quienes-somos","status":"publish","type":"page","link":"https:\/\/plotdisseny.com\/es\/quienes-somos\/","title":{"rendered":"Qui\u00e9nes somos"},"content":{"rendered":"\t\t<div data-elementor-type=\"wp-page\" data-elementor-id=\"5558\" class=\"elementor elementor-5558 elementor-11\" data-elementor-post-type=\"page\">\n\t\t\t\t\t\t\t\t\t<section class=\"elementor-section elementor-top-section elementor-element elementor-element-ebc357e pt-3 mt-4 elementor-section-boxed elementor-section-height-default elementor-section-height-default\" data-id=\"ebc357e\" data-element_type=\"section\">\r\n\t\t\r\n\t\t\t\t\t\t\t<div class=\"elementor-container elementor-column-gap-no\">\r\n\t\t\t\t\t\t\t\t\t\t\t<div class=\"elementor-column elementor-col-100 elementor-top-column elementor-element elementor-element-7e05d30\" data-id=\"7e05d30\" data-element_type=\"column\">\r\n\t\t\t\t\t<div class=\"elementor-widget-wrap elementor-element-populated\">\r\n\t\t\t\t\t\t\t\t<div class=\"elementor-element elementor-element-c14f7ca mb-4 elementor-invisible elementor-widget elementor-widget-heading\" data-id=\"c14f7ca\" data-element_type=\"widget\" data-settings=\"{&quot;_animation&quot;:&quot;fadeInUp&quot;,&quot;_animation_delay&quot;:250}\" data-widget_type=\"heading.default\">\n\t\t\t\t<div class=\"elementor-widget-container\">\n\t\t\t<style>\/*! elementor - v3.15.0 - 20-08-2023 *\/\n.elementor-heading-title{padding:0;margin:0;line-height:1}.elementor-widget-heading .elementor-heading-title[class*=elementor-size-]>a{color:inherit;font-size:inherit;line-height:inherit}.elementor-widget-heading .elementor-heading-title.elementor-size-small{font-size:15px}.elementor-widget-heading .elementor-heading-title.elementor-size-medium{font-size:19px}.elementor-widget-heading .elementor-heading-title.elementor-size-large{font-size:29px}.elementor-widget-heading .elementor-heading-title.elementor-size-xl{font-size:39px}.elementor-widget-heading .elementor-heading-title.elementor-size-xxl{font-size:59px}<\/style><h2 class=\"elementor-heading-title elementor-size-default\">Ofrecemos una amplia gama de servicios, \nrelacionados con la impresi\u00f3n de peque\u00f1o y gran formato<\/h2>\t\t<\/div>\n\t\t\t\t<\/div>\n\t\t\t\t<div class=\"elementor-element elementor-element-8521042 m-b-md elementor-invisible elementor-widget elementor-widget-heading\" data-id=\"8521042\" data-element_type=\"widget\" data-settings=\"{&quot;_animation&quot;:&quot;fadeInUp&quot;,&quot;_animation_delay&quot;:500}\" data-widget_type=\"heading.default\">\n\t\t\t\t<div class=\"elementor-widget-container\">\n\t\t\t<p class=\"elementor-heading-title elementor-size-default\">Somos una empresa del sector de Artes Gr\u00e1ficas que ofrece el servicio de Impresi\u00f3n digital, con una experiencia de m\u00e1s de 29 a\u00f1os, destinada al profesional de diferentes sectores empresariales, as\u00ed como al particular de pie, estudiante, madre, ni\u00f1o, abuelo ..., que desea satisfacer sus necesidades cotidianas de impresi\u00f3n.<\/p>\t\t<\/div>\n\t\t\t\t<\/div>\n\t\t\t\t<div class=\"elementor-element elementor-element-25b8e58 m-b-md elementor-invisible elementor-widget elementor-widget-heading\" data-id=\"25b8e58\" data-element_type=\"widget\" data-settings=\"{&quot;_animation&quot;:&quot;fadeInUp&quot;,&quot;_animation_delay&quot;:500}\" data-widget_type=\"heading.default\">\n\t\t\t\t<div class=\"elementor-widget-container\">\n\t\t\t<p class=\"elementor-heading-title elementor-size-default\">Estamos al su servicio para ofrecerle con la mayor rapidez la realizaci\u00f3n de sus presupuestos, y darle el firme compromiso de producirle su pedido en un plazo de 24 horas.<\/p>\t\t<\/div>\n\t\t\t\t<\/div>\n\t\t\t\t<div class=\"elementor-element elementor-element-d6cdea6 mb-4 pb-2 elementor-invisible elementor-widget elementor-widget-heading\" data-id=\"d6cdea6\" data-element_type=\"widget\" data-settings=\"{&quot;_animation&quot;:&quot;fadeInUp&quot;,&quot;_animation_delay&quot;:500}\" data-widget_type=\"heading.default\">\n\t\t\t\t<div class=\"elementor-widget-container\">\n\t\t\t<p class=\"elementor-heading-title elementor-size-default\">Hemos adquirido el compromiso de dar el mejor servicio posible, potenciando nuestros valores, tal y como indica nuestro c\u00f3digo \u00e9tico<\/p>\t\t<\/div>\n\t\t\t\t<\/div>\n\t\t\t\t\t<\/div>\r\n\t\t\t\t<\/div>\r\n\t\t\t\t\t<\/div>\r\n\t\t\t\t<\/section>\r\n\t\t\t\t<div class=\"elementor-section elementor-top-section elementor-element elementor-element-34002 elementor-section-content-middle elementor-section-boxed elementor-section-height-default elementor-section-height-default\" data-id=\"34002\" data-element_type=\"section\">\r\n\t\t\r\n\t\t\t\t\t\t\t<div class=\"elementor-container elementor-column-gap-no\">\r\n\t\t\t\t\t\t\t\t\t\t\t<div class=\"elementor-column elementor-col-100 elementor-top-column elementor-element elementor-element-9839624 custom-w-auto\" data-id=\"9839624\" data-element_type=\"column\">\r\n\t\t\t\t\t<div class=\"elementor-widget-wrap elementor-element-populated\">\r\n\t\t\t\t\t\t\t\t<div class=\"elementor-element elementor-element-55b7659 p-l-sm p-r-sm w-auto d-inline-block col-auto custom-btn-primary  ms-0 elementor-invisible elementor-widget elementor-widget-porto_button\" data-id=\"55b7659\" data-element_type=\"widget\" data-settings=\"{&quot;_animation&quot;:&quot;fadeInLeft&quot;,&quot;_animation_delay&quot;:1000}\" data-widget_type=\"porto_button.default\">\n\t\t\t\t<div class=\"elementor-widget-container\">\n\t\t\t<a aria-label=\"button\" class=\"btn btn-md btn-primary\" href=\"https:\/\/plotdisseny.com\/wp-content\/uploads\/2023\/03\/codieticplot-web.pdf\" target=\"_blank\"><span >Ver c\u00f3digo \u00e9tico<\/span><\/a>\t\t<\/div>\n\t\t\t\t<\/div>\n\t\t\t\t<div class=\"elementor-element elementor-element-7c99a7d p-l-sm p-r-sm w-auto d-inline-block col-auto elementor-invisible elementor-widget elementor-widget-porto_button\" data-id=\"7c99a7d\" data-element_type=\"widget\" data-settings=\"{&quot;_animation&quot;:&quot;fadeInLeft&quot;,&quot;_animation_delay&quot;:1100}\" data-widget_type=\"porto_button.default\">\n\t\t\t\t<div class=\"elementor-widget-container\">\n\t\t\t<a aria-label=\"button\" class=\"btn btn-md btn-dark\" href=\"https:\/\/plotdisseny.com\/contacte\/\"><span >Contactar<\/span><\/a>\t\t<\/div>\n\t\t\t\t<\/div>\n\t\t\t\t<div class=\"elementor-element elementor-element-a5b733f p-l-sm w-auto col-auto mb-0 text-color-hover-primary mt-4 mt-sm-0 elementor-invisible elementor-widget elementor-widget-porto_info_box\" data-id=\"a5b733f\" data-element_type=\"widget\" data-settings=\"{&quot;_animation&quot;:&quot;fadeInLeft&quot;,&quot;_animation_delay&quot;:1300}\" data-widget_type=\"porto_info_box.default\">\n\t\t\t\t<div class=\"elementor-widget-container\">\n\t\t\t<a class=\"porto-sicon-box-link\" href=\"tel:937904813\"><div class=\"porto-sicon-box style_1 default-icon\"><div class=\"porto-sicon-default\"><div class=\"porto-just-icon-wrapper porto-icon none\" style=\"margin-right:8px;\"><i class=\"porto-icon-phone-call\"><\/i><\/div><\/div><div class=\"porto-sicon-header\"><h3 class=\"porto-sicon-title\" style=\"\">93 790 48 13<\/h3><\/div> <!-- header --><\/div><!-- porto-sicon-box --><\/a>\t\t<\/div>\n\t\t\t\t<\/div>\n\t\t\t\t\t<\/div>\r\n\t\t\t\t<\/div>\r\n\t\t\t\t\t<\/div>\r\n\t\t\t\t<\/div>\r\n\t\t\t\t<div class=\"elementor-section elementor-top-section elementor-element elementor-element-c7e2ce9 elementor-section-boxed elementor-section-height-default elementor-section-height-default\" data-id=\"c7e2ce9\" data-element_type=\"section\">\r\n\t\t\r\n\t\t\t\t\t\t\t<div class=\"elementor-container elementor-column-gap-custom\">\r\n\t\t\t\t\t\t\t\t\t\t\t<div class=\"elementor-column elementor-col-50 elementor-top-column elementor-element elementor-element-581996c custom-height-1 custom-width-1\" data-id=\"581996c\" data-element_type=\"column\">\r\n\t\t\t\t\t<div class=\"elementor-widget-wrap elementor-element-populated\">\r\n\t\t\t\t\t\t\t\t<div class=\"elementor-element elementor-element-700ac8a elementor-widget elementor-widget-video\" data-id=\"700ac8a\" data-element_type=\"widget\" data-settings=\"{&quot;video_type&quot;:&quot;hosted&quot;,&quot;mute&quot;:&quot;yes&quot;,&quot;autoplay&quot;:&quot;yes&quot;,&quot;controls&quot;:&quot;yes&quot;}\" data-widget_type=\"video.default\">\n\t\t\t\t<div class=\"elementor-widget-container\">\n\t\t\t<style>\/*! elementor - v3.15.0 - 20-08-2023 *\/\n.elementor-widget-video .elementor-widget-container{overflow:hidden;transform:translateZ(0)}.elementor-widget-video .elementor-wrapper{aspect-ratio:var(--video-aspect-ratio)}.elementor-widget-video .elementor-wrapper iframe,.elementor-widget-video .elementor-wrapper video{height:100%;width:100%;display:flex;border:none;background-color:#000}@supports not (aspect-ratio:1\/1){.elementor-widget-video .elementor-wrapper{position:relative;overflow:hidden;height:0;padding-bottom:calc(100% \/ var(--video-aspect-ratio))}.elementor-widget-video .elementor-wrapper iframe,.elementor-widget-video .elementor-wrapper video{position:absolute;top:0;right:0;bottom:0;left:0}}.elementor-widget-video .elementor-open-inline .elementor-custom-embed-image-overlay{position:absolute;top:0;right:0;bottom:0;left:0;background-size:cover;background-position:50%}.elementor-widget-video .elementor-custom-embed-image-overlay{cursor:pointer;text-align:center}.elementor-widget-video .elementor-custom-embed-image-overlay:hover .elementor-custom-embed-play i{opacity:1}.elementor-widget-video .elementor-custom-embed-image-overlay img{display:block;width:100%;aspect-ratio:var(--video-aspect-ratio);-o-object-fit:cover;object-fit:cover;-o-object-position:center center;object-position:center center}@supports not (aspect-ratio:1\/1){.elementor-widget-video .elementor-custom-embed-image-overlay{position:relative;overflow:hidden;height:0;padding-bottom:calc(100% \/ var(--video-aspect-ratio))}.elementor-widget-video .elementor-custom-embed-image-overlay img{position:absolute;top:0;right:0;bottom:0;left:0}}.elementor-widget-video .e-hosted-video .elementor-video{-o-object-fit:cover;object-fit:cover}.e-con-inner>.elementor-widget-video,.e-con>.elementor-widget-video{width:var(--container-widget-width);--flex-grow:var(--container-widget-flex-grow)}<\/style>\t\t<div class=\"e-hosted-video elementor-wrapper elementor-open-inline\">\n\t\t\t\t\t<video class=\"elementor-video\" src=\"https:\/\/plotdisseny.com\/videos\/quisom.mp4\" autoplay=\"\" controls=\"\" muted=\"muted\" controlsList=\"nodownload\"><\/video>\n\t\t\t\t<\/div>\n\t\t\t\t<\/div>\n\t\t\t\t<\/div>\n\t\t\t\t\t<\/div>\r\n\t\t\t\t<\/div>\r\n\t\t\t\t<div class=\"elementor-column elementor-col-25 elementor-top-column elementor-element elementor-element-cd5cbb6 custom-width-1 custom-height-2 custom-height-1 \" data-id=\"cd5cbb6\" data-element_type=\"column\">\r\n\t\t\t\t\t<div class=\"elementor-widget-wrap elementor-element-populated\">\r\n\t\t\t\t\t\t\t\t<div class=\"elementor-element elementor-element-bcde2f4  mb-4 custom-box-shadow-1 elementor-widget elementor-widget-image\" data-id=\"bcde2f4\" data-element_type=\"widget\" data-widget_type=\"image.default\">\n\t\t\t\t<div class=\"elementor-widget-container\">\n\t\t\t<style>\/*! elementor - v3.15.0 - 20-08-2023 *\/\n.elementor-widget-image{text-align:center}.elementor-widget-image a{display:inline-block}.elementor-widget-image a img[src$=\".svg\"]{width:48px}.elementor-widget-image img{vertical-align:middle;display:inline-block}<\/style>\t\t\t\t\t\t\t\t\t\t\t\t<img decoding=\"async\" loading=\"lazy\" width=\"290\" height=\"245\" src=\"https:\/\/plotdisseny.com\/wp-content\/uploads\/2023\/03\/quisom1.jpg\" class=\"attachment-full size-full wp-image-4916\" alt=\"\" \/>\t\t\t\t\t\t\t\t\t\t\t\t\t\t\t<\/div>\n\t\t\t\t<\/div>\n\t\t\t\t<div class=\"elementor-element elementor-element-75ad7c0  mb-4 custom-box-shadow-1 elementor-widget elementor-widget-image\" data-id=\"75ad7c0\" data-element_type=\"widget\" data-widget_type=\"image.default\">\n\t\t\t\t<div class=\"elementor-widget-container\">\n\t\t\t\t\t\t\t\t\t\t\t\t\t\t\t<img decoding=\"async\" loading=\"lazy\" width=\"290\" height=\"245\" src=\"https:\/\/plotdisseny.com\/wp-content\/uploads\/2023\/03\/quisom2.jpg\" class=\"attachment-full size-full wp-image-4917\" alt=\"\" \/>\t\t\t\t\t\t\t\t\t\t\t\t\t\t\t<\/div>\n\t\t\t\t<\/div>\n\t\t\t\t\t<\/div>\r\n\t\t\t\t<\/div>\r\n\t\t\t\t<div class=\"elementor-column elementor-col-25 elementor-top-column elementor-element elementor-element-afe37b6 custom-height-1 custom-width-1\" data-id=\"afe37b6\" data-element_type=\"column\">\r\n\t\t\t\t\t<div class=\"elementor-widget-wrap elementor-element-populated\">\r\n\t\t\t\t\t\t\t\t<div class=\"elementor-element elementor-element-a9e7393 custom-box-shadow-1 mb-0 elementor-widget elementor-widget-image\" data-id=\"a9e7393\" data-element_type=\"widget\" data-widget_type=\"image.default\">\n\t\t\t\t<div class=\"elementor-widget-container\">\n\t\t\t\t\t\t\t\t\t\t\t\t\t\t\t<img decoding=\"async\" loading=\"lazy\" width=\"262\" height=\"408\" src=\"https:\/\/plotdisseny.com\/wp-content\/uploads\/2023\/03\/quisom3.jpg\" class=\"attachment-full size-full wp-image-4922\" alt=\"\" \/>\t\t\t\t\t\t\t\t\t\t\t\t\t\t\t<\/div>\n\t\t\t\t<\/div>\n\t\t\t\t\t<\/div>\r\n\t\t\t\t<\/div>\r\n\t\t\t\t\t<\/div>\r\n\t\t\t\t<\/div>\r\n\t\t\t\t\t\t\t<\/div>\n\t\t","protected":false},"excerpt":{"rendered":"<p>Ofrecemos una amplia gama de servicios, relacionados con la impresi\u00f3n de peque\u00f1o y gran formato Somos una empresa del sector de Artes Gr\u00e1ficas que ofrece el servicio de Impresi\u00f3n digital, con una experiencia de m\u00e1s de 29 a\u00f1os, destinada al profesional de diferentes sectores empresariales, as\u00ed como al particular de pie, estudiante, madre, ni\u00f1o, abuelo [&hellip;]<\/p>\n","protected":false},"author":1,"featured_media":0,"parent":0,"menu_order":0,"comment_status":"closed","ping_status":"closed","template":"","meta":{"footnotes":"","_joinchat":[]},"acf":[],"yoast_head":"<!-- This site is optimized with the Yoast SEO plugin v20.13 - https:\/\/yoast.com\/wordpress\/plugins\/seo\/ -->\n<title>Qui\u00e9nes somos - Plot Disseny - Impressi\u00f3 digital<\/title>\n<meta name=\"robots\" content=\"index, follow, max-snippet:-1, max-image-preview:large, max-video-preview:-1\" \/>\n<link rel=\"canonical\" href=\"https:\/\/plotdisseny.com\/es\/quienes-somos\/\" \/>\n<meta property=\"og:locale\" content=\"es_ES\" \/>\n<meta property=\"og:type\" content=\"article\" \/>\n<meta property=\"og:title\" content=\"Qui\u00e9nes somos - Plot Disseny - Impressi\u00f3 digital\" \/>\n<meta property=\"og:description\" content=\"Ofrecemos una amplia gama de servicios, relacionados con la impresi\u00f3n de peque\u00f1o y gran formato Somos una empresa del sector de Artes Gr\u00e1ficas que ofrece el servicio de Impresi\u00f3n digital, con una experiencia de m\u00e1s de 29 a\u00f1os, destinada al profesional de diferentes sectores empresariales, as\u00ed como al particular de pie, estudiante, madre, ni\u00f1o, abuelo [&hellip;]\" \/>\n<meta property=\"og:url\" content=\"https:\/\/plotdisseny.com\/es\/quienes-somos\/\" \/>\n<meta property=\"og:site_name\" content=\"Plot Disseny - Impressi\u00f3 digital\" \/>\n<meta property=\"article:publisher\" content=\"https:\/\/www.facebook.com\/plotdisseny\" \/>\n<meta property=\"article:modified_time\" content=\"2023-05-18T07:34:54+00:00\" \/>\n<meta property=\"og:image\" content=\"https:\/\/plotdisseny.com\/wp-content\/uploads\/2023\/03\/quisom1.jpg\" \/>\n<meta name=\"twitter:card\" content=\"summary_large_image\" \/>\n<meta name=\"twitter:label1\" content=\"Tiempo de lectura\" \/>\n\t<meta name=\"twitter:data1\" content=\"2 minutos\" \/>\n<script type=\"application\/ld+json\" class=\"yoast-schema-graph\">{\"@context\":\"https:\/\/schema.org\",\"@graph\":[{\"@type\":\"WebPage\",\"@id\":\"https:\/\/plotdisseny.com\/es\/quienes-somos\/\",\"url\":\"https:\/\/plotdisseny.com\/es\/quienes-somos\/\",\"name\":\"Qui\u00e9nes somos - Plot Disseny - Impressi\u00f3 digital\",\"isPartOf\":{\"@id\":\"https:\/\/plotdisseny.com\/es\/#website\"},\"datePublished\":\"2021-02-10T02:33:27+00:00\",\"dateModified\":\"2023-05-18T07:34:54+00:00\",\"breadcrumb\":{\"@id\":\"https:\/\/plotdisseny.com\/es\/quienes-somos\/#breadcrumb\"},\"inLanguage\":\"es\",\"potentialAction\":[{\"@type\":\"ReadAction\",\"target\":[\"https:\/\/plotdisseny.com\/es\/quienes-somos\/\"]}]},{\"@type\":\"BreadcrumbList\",\"@id\":\"https:\/\/plotdisseny.com\/es\/quienes-somos\/#breadcrumb\",\"itemListElement\":[{\"@type\":\"ListItem\",\"position\":1,\"name\":\"Portada\",\"item\":\"https:\/\/plotdisseny.com\/es\/\"},{\"@type\":\"ListItem\",\"position\":2,\"name\":\"Qui\u00e9nes somos\"}]},{\"@type\":\"WebSite\",\"@id\":\"https:\/\/plotdisseny.com\/es\/#website\",\"url\":\"https:\/\/plotdisseny.com\/es\/\",\"name\":\"Plot Disseny - Impressi\u00f3 digital\",\"description\":\"\",\"publisher\":{\"@id\":\"https:\/\/plotdisseny.com\/es\/#organization\"},\"potentialAction\":[{\"@type\":\"SearchAction\",\"target\":{\"@type\":\"EntryPoint\",\"urlTemplate\":\"https:\/\/plotdisseny.com\/es\/?s={search_term_string}\"},\"query-input\":\"required name=search_term_string\"}],\"inLanguage\":\"es\"},{\"@type\":\"Organization\",\"@id\":\"https:\/\/plotdisseny.com\/es\/#organization\",\"name\":\"Plot Disseny - Impressi\u00f3 digital\",\"url\":\"https:\/\/plotdisseny.com\/es\/\",\"logo\":{\"@type\":\"ImageObject\",\"inLanguage\":\"es\",\"@id\":\"https:\/\/plotdisseny.com\/es\/#\/schema\/logo\/image\/\",\"url\":\"https:\/\/plotdisseny.com\/wp-content\/uploads\/2023\/03\/logo-plotdisseny.png\",\"contentUrl\":\"https:\/\/plotdisseny.com\/wp-content\/uploads\/2023\/03\/logo-plotdisseny.png\",\"width\":1024,\"height\":256,\"caption\":\"Plot Disseny - Impressi\u00f3 digital\"},\"image\":{\"@id\":\"https:\/\/plotdisseny.com\/es\/#\/schema\/logo\/image\/\"},\"sameAs\":[\"https:\/\/www.facebook.com\/plotdisseny\",\"https:\/\/www.instagram.com\/plot_disseny\/\"]}]}<\/script>\n<!-- \/ Yoast SEO plugin. -->","yoast_head_json":{"title":"Qui\u00e9nes somos - Plot Disseny - Impressi\u00f3 digital","robots":{"index":"index","follow":"follow","max-snippet":"max-snippet:-1","max-image-preview":"max-image-preview:large","max-video-preview":"max-video-preview:-1"},"canonical":"https:\/\/plotdisseny.com\/es\/quienes-somos\/","og_locale":"es_ES","og_type":"article","og_title":"Qui\u00e9nes somos - Plot Disseny - Impressi\u00f3 digital","og_description":"Ofrecemos una amplia gama de servicios, relacionados con la impresi\u00f3n de peque\u00f1o y gran formato Somos una empresa del sector de Artes Gr\u00e1ficas que ofrece el servicio de Impresi\u00f3n digital, con una experiencia de m\u00e1s de 29 a\u00f1os, destinada al profesional de diferentes sectores empresariales, as\u00ed como al particular de pie, estudiante, madre, ni\u00f1o, abuelo [&hellip;]","og_url":"https:\/\/plotdisseny.com\/es\/quienes-somos\/","og_site_name":"Plot Disseny - Impressi\u00f3 digital","article_publisher":"https:\/\/www.facebook.com\/plotdisseny","article_modified_time":"2023-05-18T07:34:54+00:00","og_image":[{"url":"https:\/\/plotdisseny.com\/wp-content\/uploads\/2023\/03\/quisom1.jpg"}],"twitter_card":"summary_large_image","twitter_misc":{"Tiempo de lectura":"2 minutos"},"schema":{"@context":"https:\/\/schema.org","@graph":[{"@type":"WebPage","@id":"https:\/\/plotdisseny.com\/es\/quienes-somos\/","url":"https:\/\/plotdisseny.com\/es\/quienes-somos\/","name":"Qui\u00e9nes somos - Plot Disseny - Impressi\u00f3 digital","isPartOf":{"@id":"https:\/\/plotdisseny.com\/es\/#website"},"datePublished":"2021-02-10T02:33:27+00:00","dateModified":"2023-05-18T07:34:54+00:00","breadcrumb":{"@id":"https:\/\/plotdisseny.com\/es\/quienes-somos\/#breadcrumb"},"inLanguage":"es","potentialAction":[{"@type":"ReadAction","target":["https:\/\/plotdisseny.com\/es\/quienes-somos\/"]}]},{"@type":"BreadcrumbList","@id":"https:\/\/plotdisseny.com\/es\/quienes-somos\/#breadcrumb","itemListElement":[{"@type":"ListItem","position":1,"name":"Portada","item":"https:\/\/plotdisseny.com\/es\/"},{"@type":"ListItem","position":2,"name":"Qui\u00e9nes somos"}]},{"@type":"WebSite","@id":"https:\/\/plotdisseny.com\/es\/#website","url":"https:\/\/plotdisseny.com\/es\/","name":"Plot Disseny - Impressi\u00f3 digital","description":"","publisher":{"@id":"https:\/\/plotdisseny.com\/es\/#organization"},"potentialAction":[{"@type":"SearchAction","target":{"@type":"EntryPoint","urlTemplate":"https:\/\/plotdisseny.com\/es\/?s={search_term_string}"},"query-input":"required name=search_term_string"}],"inLanguage":"es"},{"@type":"Organization","@id":"https:\/\/plotdisseny.com\/es\/#organization","name":"Plot Disseny - Impressi\u00f3 digital","url":"https:\/\/plotdisseny.com\/es\/","logo":{"@type":"ImageObject","inLanguage":"es","@id":"https:\/\/plotdisseny.com\/es\/#\/schema\/logo\/image\/","url":"https:\/\/plotdisseny.com\/wp-content\/uploads\/2023\/03\/logo-plotdisseny.png","contentUrl":"https:\/\/plotdisseny.com\/wp-content\/uploads\/2023\/03\/logo-plotdisseny.png","width":1024,"height":256,"caption":"Plot Disseny - Impressi\u00f3 digital"},"image":{"@id":"https:\/\/plotdisseny.com\/es\/#\/schema\/logo\/image\/"},"sameAs":["https:\/\/www.facebook.com\/plotdisseny","https:\/\/www.instagram.com\/plot_disseny\/"]}]}},"_links":{"self":[{"href":"https:\/\/plotdisseny.com\/es\/wp-json\/wp\/v2\/pages\/5558"}],"collection":[{"href":"https:\/\/plotdisseny.com\/es\/wp-json\/wp\/v2\/pages"}],"about":[{"href":"https:\/\/plotdisseny.com\/es\/wp-json\/wp\/v2\/types\/page"}],"author":[{"embeddable":true,"href":"https:\/\/plotdisseny.com\/es\/wp-json\/wp\/v2\/users\/1"}],"replies":[{"embeddable":true,"href":"https:\/\/plotdisseny.com\/es\/wp-json\/wp\/v2\/comments?post=5558"}],"version-history":[{"count":11,"href":"https:\/\/plotdisseny.com\/es\/wp-json\/wp\/v2\/pages\/5558\/revisions"}],"predecessor-version":[{"id":5909,"href":"https:\/\/plotdisseny.com\/es\/wp-json\/wp\/v2\/pages\/5558\/revisions\/5909"}],"wp:attachment":[{"href":"https:\/\/plotdisseny.com\/es\/wp-json\/wp\/v2\/media?parent=5558"}],"curies":[{"name":"wp","href":"https:\/\/api.w.org\/{rel}","templated":true}]}}